{"id":216,"date":"2018-11-13T22:37:38","date_gmt":"2018-11-13T22:37:38","guid":{"rendered":"https:\/\/www.flightradarx.com\/?page_id=216"},"modified":"2019-11-06T01:33:06","modified_gmt":"2019-11-06T01:33:06","slug":"flightradar24","status":"publish","type":"page","link":"https:\/\/www.flightradarx.com\/de\/flightradar24\/","title":{"rendered":"Flightradar24: Online Flugverfolgung &#8211; live &#038; kostenlos"},"content":{"rendered":"<div class=\"egoun69dfc74cb3983\" ><!-- FlightradarX_Banner -->\n<ins class=\"adsbygoogle\"\n     style=\"display:block\"\n     data-ad-client=\"ca-pub-3990851190258371\"\n     data-ad-slot=\"6169152562\"\n     data-ad-format=\"auto\"\n     data-full-width-responsive=\"true\"><\/ins>\n<script>\n     (adsbygoogle = window.adsbygoogle || []).push({});\n<\/script><\/div><style type=\"text\/css\">\r\n@media screen and (min-width: 1201px) {\r\n.egoun69dfc74cb3983 {\r\ndisplay: block;\r\n}\r\n}\r\n@media screen and (min-width: 993px) and (max-width: 1200px) {\r\n.egoun69dfc74cb3983 {\r\ndisplay: block;\r\n}\r\n}\r\n@media screen and (min-width: 769px) and (max-width: 992px) {\r\n.egoun69dfc74cb3983 {\r\ndisplay: block;\r\n}\r\n}\r\n@media screen and (min-width: 768px) and (max-width: 768px) {\r\n.egoun69dfc74cb3983 {\r\ndisplay: block;\r\n}\r\n}\r\n@media screen and (max-width: 767px) {\r\n.egoun69dfc74cb3983 {\r\ndisplay: block;\r\n}\r\n}\r\n<\/style>\r\n<section class=\"wpb-content-wrapper\"><p>[vc_row][vc_column][vc_column_text]<br \/>\nMit Flightradar24 kannst du ganz einfach jeden Flug verfolgen &#8211; live, von \u00fcberall aus und v\u00f6llig kostenlos. Flightradar24 ist die Anlaufstelle schlechthin, wenn es um Online Flugverfolgung geht. Fl\u00fcge jeglicher Airlines lassen sich durch einen einfachen Klick tracken. Zus\u00e4tzlich erh\u00e4lt man noch viele n\u00fctzliche Fluginfos und kann jeden aktuell stattfindenden Flug vom Start bis zur Landung beobachten bzw. verfolgen.<\/p>\n<p><strong>Starte jetzt deine Online Flugverfolgung per Flightradar24<\/strong><br \/>\n<br \/>\n<div style=\"margin:5px 0;\"><div id=\"framesize\" style=\"overflow: hidden!important; height: 280px; background: #fff url(https:\/\/www.flightradarx.com\/wp-content\/uploads\/2019\/01\/flightradar-1.jpg) center center no-repeat;\"><div style=\"margin:0 auto;width:81px;margin-top:110px;\"><a href=\"https:\/\/www.flightradarx.com\/flight-radar\/\" class=\"btn btn-lg btn-primary\">START <i class=\"fa fa-plane\" aria-hidden=\"true\"><\/i><\/a><\/div><\/div><\/div><br \/>\n<!-- Shortcode [articleads] does not match the conditions --><\/p><div class=\"ozbqn69dfc74cb39a3\" ><!-- FlightradarX_Banner -->\n<ins class=\"adsbygoogle\"\n     style=\"display:block\"\n     data-ad-client=\"ca-pub-3990851190258371\"\n     data-ad-slot=\"6169152562\"\n     data-ad-format=\"auto\"\n     data-full-width-responsive=\"true\"><\/ins>\n<script>\n     (adsbygoogle = window.adsbygoogle || []).push({});\n<\/script><\/div><style type=\"text\/css\">\r\n@media screen and (min-width: 1201px) {\r\n.ozbqn69dfc74cb39a3 {\r\ndisplay: block;\r\n}\r\n}\r\n@media screen and (min-width: 993px) and (max-width: 1200px) {\r\n.ozbqn69dfc74cb39a3 {\r\ndisplay: block;\r\n}\r\n}\r\n@media screen and (min-width: 769px) and (max-width: 992px) {\r\n.ozbqn69dfc74cb39a3 {\r\ndisplay: block;\r\n}\r\n}\r\n@media screen and (min-width: 768px) and (max-width: 768px) {\r\n.ozbqn69dfc74cb39a3 {\r\ndisplay: block;\r\n}\r\n}\r\n@media screen and (max-width: 767px) {\r\n.ozbqn69dfc74cb39a3 {\r\ndisplay: block;\r\n}\r\n}\r\n<\/style>\r\n\n<h2><strong>Flug verfolgen mit Flightradar24: So funktioniert die Flugverfolgung:\u00a0<\/strong><\/h2>\n<p>Du m\u00f6chtest jetzt einen Flug mit Flightradar24 verfolgen? Alles, was du f\u00fcr die Online Flugverfolgung brauchst ist ein PC, Laptop, Tablet oder Smartphone und schon kannst du jeden beliebigen Flug tracken. Flightradar24 bietet dir die M\u00f6glichkeit, einen Flug \u00fcber die eigene Webseite oder \u00fcber die Flightradar24 App zu verfolgen. Die Flugverfolgung ist f\u00fcr jeden nat\u00fcrlich kostenlos m\u00f6glich.<\/p>\n<p>Sobald du die Webseite oder die Flightradar-App ge\u00f6ffnet hast, siehst du eine Flug-Map mit zahlreichen Flugzeugen. Damit du eine detaillierte Ansicht erh\u00e4ltst, kannst du etwas n\u00e4her ran zoomen. Das erleichtert es dir, ein bestimmtes Flugzeug oder einen Flughafen anzuklicken. Klickst du ein Flugzeug an, \u00f6ffnet sich eine Infobox mit vielen wichtigen Flugdaten und Details zum Flugzeug selbst. Das ist nicht nur sehr interessant, sondern auch \u00e4u\u00dferst praktisch. Denn mit Flightradar24 bist du genauestens \u00fcber Abflug- und Ankunftszeiten sowie \u00fcber etwaige Flugversp\u00e4tungen informiert. Obendrein erh\u00e4ltst du noch Infos zur aktuellen Flugh\u00f6he, der Fluggeschwindigkeit und siehst, um welches Flugzeug es sich genau handelt.[\/vc_column_text][\/vc_column][\/vc_row][vc_row][vc_column width=&#8220;1\/2&#8243;][vc_column_text]<\/p>\n<h3>Mit Flightradar24 einen Flug suchen und verfolgen<\/h3>\n<p>Der kostenlose Flugradar bietet dir die M\u00f6glichkeit durch einen einfachen Klick auf ein beliebiges Flugzeug alle Details dieses Fluges einzusehen. Wenn du aber nach einem bestimmten Flug suchen m\u00f6chtest, so reicht die Eingabe der Flugnummer in das Suchfeld und schon wird dir die aktuelle Position dieses Fluges zentriert in der Flug-Map angezeigt. Nun kannst du diesen Flug live bis zur Landung verfolgen.<\/p>\n<h3>Mit Flightradar24 einen bestimmten Flughafen suchen &amp; Fl\u00fcge verfolgen<\/h3>\n<p>Der kostenlose Flugradar bietet dir auch die M\u00f6glichkeit nach einem Flughafen zu suchen. Gib in das Suchfeld einfach den Namen des jeweiligen Airport ein und schon wird dieser zentriert auf der Flightmap dargestellt. So siehst du ganz genau, welche Flugzeuge gerade von diesem Flughafen aus starten oder sich im Landeanflug befinden.[\/vc_column_text][\/vc_column][vc_column width=&#8220;1\/2&#8243;][vc_column_text][\/vc_column_text][\/vc_column][\/vc_row][vc_row][vc_column][vc_column_text]<\/p><div class=\"zlpsw69dfc74cb39b9\" ><ins class=\"adsbygoogle\"\n     style=\"display:block; text-align:center;\"\n     data-ad-layout=\"in-article\"\n     data-ad-format=\"fluid\"\n     data-ad-client=\"ca-pub-3990851190258371\"\n     data-ad-slot=\"4597834410\"><\/ins>\n<script>\n     (adsbygoogle = window.adsbygoogle || []).push({});\n<\/script><\/div><style type=\"text\/css\">\r\n@media screen and (min-width: 1201px) {\r\n.zlpsw69dfc74cb39b9 {\r\ndisplay: block;\r\n}\r\n}\r\n@media screen and (min-width: 993px) and (max-width: 1200px) {\r\n.zlpsw69dfc74cb39b9 {\r\ndisplay: block;\r\n}\r\n}\r\n@media screen and (min-width: 769px) and (max-width: 992px) {\r\n.zlpsw69dfc74cb39b9 {\r\ndisplay: block;\r\n}\r\n}\r\n@media screen and (min-width: 768px) and (max-width: 768px) {\r\n.zlpsw69dfc74cb39b9 {\r\ndisplay: block;\r\n}\r\n}\r\n@media screen and (max-width: 767px) {\r\n.zlpsw69dfc74cb39b9 {\r\ndisplay: block;\r\n}\r\n}\r\n<\/style>\r\n\n<h2>Wie funktioniert die Flugverfolgung mit Flightradar24?<\/h2>\n<p>Bestimmt hast du dich schon gefragt, wie es m\u00f6glich ist, einen Flug per Live-Radar zu verfolgen. Die Antwort ist ganz einfach. In jedem zivilen Flugzeug befindet sich ein Transponder. Dieser sendet ein frei zug\u00e4ngliches Signal, sodass die exakte Flugposition bestimmt werden kann. Dieses Signal wird von Flightradar24 genutzt, um Fl\u00fcge zu verfolgen bzw. zu tracken &#8211;\u00a0 und das v\u00f6llig kostenfrei und in Echtzeit.[\/vc_column_text][vc_column_text][\/vc_column_text][vc_video link=&#8220;https:\/\/youtu.be\/IlwiBEUMCAU&#8220;][vc_column_text]<\/p><div class=\"vazgx69dfc74cb39dc\" ><!-- FlightradarX_Banner -->\n<ins class=\"adsbygoogle\"\n     style=\"display:block\"\n     data-ad-client=\"ca-pub-3990851190258371\"\n     data-ad-slot=\"6169152562\"\n     data-ad-format=\"auto\"\n     data-full-width-responsive=\"true\"><\/ins>\n<script>\n     (adsbygoogle = window.adsbygoogle || []).push({});\n<\/script><\/div><style type=\"text\/css\">\r\n@media screen and (min-width: 1201px) {\r\n.vazgx69dfc74cb39dc {\r\ndisplay: block;\r\n}\r\n}\r\n@media screen and (min-width: 993px) and (max-width: 1200px) {\r\n.vazgx69dfc74cb39dc {\r\ndisplay: block;\r\n}\r\n}\r\n@media screen and (min-width: 769px) and (max-width: 992px) {\r\n.vazgx69dfc74cb39dc {\r\ndisplay: block;\r\n}\r\n}\r\n@media screen and (min-width: 768px) and (max-width: 768px) {\r\n.vazgx69dfc74cb39dc {\r\ndisplay: block;\r\n}\r\n}\r\n@media screen and (max-width: 767px) {\r\n.vazgx69dfc74cb39dc {\r\ndisplay: block;\r\n}\r\n}\r\n<\/style>\r\n\n<h3>Die Flugzeuge dieser Airlines kannst du mit Flightradar24 verfolgen<\/h3>\n<p>Flightradar24 erm\u00f6glicht es dir, alle Flugzeuge s\u00e4mtlicher Airlines live zu verfolgen. So kannst du sowohl <a href=\"https:\/\/www.flightradarx.com\/de\/lufthansa-fluege-verfolgen\/\">Lufthansa Fl\u00fcge verfolgen<\/a> als auch auch Fl\u00fcge von <a href=\"https:\/\/www.flightradarx.com\/de\/austrian-airlines-fluege-verfolgen\/\">Austrian Airlines<\/a>, <a href=\"https:\/\/www.flightradarx.com\/de\/eurowings-fluege-verfolgen\/\">Eurowings<\/a> oder Swiss Air tracken. Auch wenn du wissen m\u00f6chtest, wo sich ein Flug von United Airlines, Emirates, Qatar Airways, Turkish Airlines oder Ryanair befindet, ist dies mit dem Flighttracker von Flightradar24 spielend einfach m\u00f6glich.[\/vc_column_text][\/vc_column][\/vc_row]<\/p>\n<\/section><div class=\"eirkn69dfc74cb39ca\" ><ins class=\"adsbygoogle\"\n     style=\"display:block; text-align:center;\"\n     data-ad-layout=\"in-article\"\n     data-ad-format=\"fluid\"\n     data-ad-client=\"ca-pub-3990851190258371\"\n     data-ad-slot=\"4597834410\"><\/ins>\n<script>\n     (adsbygoogle = window.adsbygoogle || []).push({});\n<\/script><\/div><style type=\"text\/css\">\r\n@media screen and (min-width: 1201px) {\r\n.eirkn69dfc74cb39ca {\r\ndisplay: block;\r\n}\r\n}\r\n@media screen and (min-width: 993px) and (max-width: 1200px) {\r\n.eirkn69dfc74cb39ca {\r\ndisplay: block;\r\n}\r\n}\r\n@media screen and (min-width: 769px) and (max-width: 992px) {\r\n.eirkn69dfc74cb39ca {\r\ndisplay: block;\r\n}\r\n}\r\n@media screen and (min-width: 768px) and (max-width: 768px) {\r\n.eirkn69dfc74cb39ca {\r\ndisplay: block;\r\n}\r\n}\r\n@media screen and (max-width: 767px) {\r\n.eirkn69dfc74cb39ca {\r\ndisplay: block;\r\n}\r\n}\r\n<\/style>\r\n","protected":false},"excerpt":{"rendered":"<p>[vc_row][vc_column][vc_column_text] Mit Flightradar24 kannst du ganz einfach jeden Flug verfolgen &#8211; live, von \u00fcberall aus und v\u00f6llig kostenlos. Flightradar24 ist die Anlaufstelle schlechthin, wenn es um Online Flugverfolgung geht. Fl\u00fcge &#8230;<\/p>\n","protected":false},"author":1,"featured_media":0,"parent":0,"menu_order":0,"comment_status":"closed","ping_status":"closed","template":"template-fullwidth.php","meta":{"footnotes":""},"class_list":["post-216","page","type-page","status-publish","hentry"],"yoast_head":"<!-- This site is optimized with the Yoast SEO plugin v21.5 - https:\/\/yoast.com\/wordpress\/plugins\/seo\/ -->\n<title>\u1405 FLIGHTRADAR24 - FLUGVERFOLGUNG live alle Fl\u00fcge verfolgen<\/title>\n<meta name=\"description\" content=\"Fl\u00fcge kostenlos &amp; live mit Flightradar24 verfolgen \u2705Flugverfolgung mit Tracking-Karten &amp; Flugrouten \u2705 Per Flightradar24 jetzt Fl\u00fcge verfolgen &amp; beobachten\" \/>\n<meta name=\"robots\" content=\"index, follow, max-snippet:-1, max-image-preview:large, max-video-preview:-1\" \/>\n<link rel=\"canonical\" href=\"https:\/\/www.flightradarx.com\/de\/flightradar24\/\" \/>\n<meta property=\"og:locale\" content=\"de_DE\" \/>\n<meta property=\"og:type\" content=\"article\" \/>\n<meta property=\"og:title\" content=\"\u1405 FLIGHTRADAR24 - FLUGVERFOLGUNG live alle Fl\u00fcge verfolgen\" \/>\n<meta property=\"og:description\" content=\"Fl\u00fcge kostenlos &amp; live mit Flightradar24 verfolgen \u2705Flugverfolgung mit Tracking-Karten &amp; Flugrouten \u2705 Per Flightradar24 jetzt Fl\u00fcge verfolgen &amp; beobachten\" \/>\n<meta property=\"og:url\" content=\"https:\/\/www.flightradarx.com\/de\/flightradar24\/\" \/>\n<meta property=\"og:site_name\" content=\"Flight Radar\" \/>\n<meta property=\"article:modified_time\" content=\"2019-11-06T01:33:06+00:00\" \/>\n<meta name=\"twitter:card\" content=\"summary_large_image\" \/>\n<meta name=\"twitter:label1\" content=\"Gesch\u00e4tzte Lesezeit\" \/>\n\t<meta name=\"twitter:data1\" content=\"3\u00a0Minuten\" \/>\n<script type=\"application\/ld+json\" class=\"yoast-schema-graph\">{\"@context\":\"https:\/\/schema.org\",\"@graph\":[{\"@type\":\"WebPage\",\"@id\":\"https:\/\/www.flightradarx.com\/de\/flightradar24\/\",\"url\":\"https:\/\/www.flightradarx.com\/de\/flightradar24\/\",\"name\":\"\u1405 FLIGHTRADAR24 - FLUGVERFOLGUNG live alle Fl\u00fcge verfolgen\",\"isPartOf\":{\"@id\":\"https:\/\/www.flightradarx.com\/de\/#website\"},\"datePublished\":\"2018-11-13T22:37:38+00:00\",\"dateModified\":\"2019-11-06T01:33:06+00:00\",\"description\":\"Fl\u00fcge kostenlos & live mit Flightradar24 verfolgen \u2705Flugverfolgung mit Tracking-Karten & Flugrouten \u2705 Per Flightradar24 jetzt Fl\u00fcge verfolgen & beobachten\",\"breadcrumb\":{\"@id\":\"https:\/\/www.flightradarx.com\/de\/flightradar24\/#breadcrumb\"},\"inLanguage\":\"de\",\"potentialAction\":[{\"@type\":\"ReadAction\",\"target\":[\"https:\/\/www.flightradarx.com\/de\/flightradar24\/\"]}]},{\"@type\":\"BreadcrumbList\",\"@id\":\"https:\/\/www.flightradarx.com\/de\/flightradar24\/#breadcrumb\",\"itemListElement\":[{\"@type\":\"ListItem\",\"position\":1,\"name\":\"Home\",\"item\":\"https:\/\/www.flightradarx.com\/de\/\"},{\"@type\":\"ListItem\",\"position\":2,\"name\":\"Flightradar24: Online Flugverfolgung &#8211; live &#038; kostenlos\"}]},{\"@type\":\"WebSite\",\"@id\":\"https:\/\/www.flightradarx.com\/de\/#website\",\"url\":\"https:\/\/www.flightradarx.com\/de\/\",\"name\":\"Flight Radar\",\"description\":\".\",\"publisher\":{\"@id\":\"https:\/\/www.flightradarx.com\/de\/#organization\"},\"potentialAction\":[{\"@type\":\"SearchAction\",\"target\":{\"@type\":\"EntryPoint\",\"urlTemplate\":\"https:\/\/www.flightradarx.com\/de\/?s={search_term_string}\"},\"query-input\":\"required name=search_term_string\"}],\"inLanguage\":\"de\"},{\"@type\":\"Organization\",\"@id\":\"https:\/\/www.flightradarx.com\/de\/#organization\",\"name\":\"Flight Radar\",\"url\":\"https:\/\/www.flightradarx.com\/de\/\",\"logo\":{\"@type\":\"ImageObject\",\"inLanguage\":\"de\",\"@id\":\"https:\/\/www.flightradarx.com\/de\/#\/schema\/logo\/image\/\",\"url\":\"https:\/\/www.flightradarx.com\/wp-content\/uploads\/2018\/10\/logo.png\",\"contentUrl\":\"https:\/\/www.flightradarx.com\/wp-content\/uploads\/2018\/10\/logo.png\",\"width\":440,\"height\":110,\"caption\":\"Flight Radar\"},\"image\":{\"@id\":\"https:\/\/www.flightradarx.com\/de\/#\/schema\/logo\/image\/\"}}]}<\/script>\n<!-- \/ Yoast SEO plugin. -->","yoast_head_json":{"title":"\u1405 FLIGHTRADAR24 - FLUGVERFOLGUNG live alle Fl\u00fcge verfolgen","description":"Fl\u00fcge kostenlos & live mit Flightradar24 verfolgen \u2705Flugverfolgung mit Tracking-Karten & Flugrouten \u2705 Per Flightradar24 jetzt Fl\u00fcge verfolgen & beobachten","robots":{"index":"index","follow":"follow","max-snippet":"max-snippet:-1","max-image-preview":"max-image-preview:large","max-video-preview":"max-video-preview:-1"},"canonical":"https:\/\/www.flightradarx.com\/de\/flightradar24\/","og_locale":"de_DE","og_type":"article","og_title":"\u1405 FLIGHTRADAR24 - FLUGVERFOLGUNG live alle Fl\u00fcge verfolgen","og_description":"Fl\u00fcge kostenlos & live mit Flightradar24 verfolgen \u2705Flugverfolgung mit Tracking-Karten & Flugrouten \u2705 Per Flightradar24 jetzt Fl\u00fcge verfolgen & beobachten","og_url":"https:\/\/www.flightradarx.com\/de\/flightradar24\/","og_site_name":"Flight Radar","article_modified_time":"2019-11-06T01:33:06+00:00","twitter_card":"summary_large_image","twitter_misc":{"Gesch\u00e4tzte Lesezeit":"3\u00a0Minuten"},"schema":{"@context":"https:\/\/schema.org","@graph":[{"@type":"WebPage","@id":"https:\/\/www.flightradarx.com\/de\/flightradar24\/","url":"https:\/\/www.flightradarx.com\/de\/flightradar24\/","name":"\u1405 FLIGHTRADAR24 - FLUGVERFOLGUNG live alle Fl\u00fcge verfolgen","isPartOf":{"@id":"https:\/\/www.flightradarx.com\/de\/#website"},"datePublished":"2018-11-13T22:37:38+00:00","dateModified":"2019-11-06T01:33:06+00:00","description":"Fl\u00fcge kostenlos & live mit Flightradar24 verfolgen \u2705Flugverfolgung mit Tracking-Karten & Flugrouten \u2705 Per Flightradar24 jetzt Fl\u00fcge verfolgen & beobachten","breadcrumb":{"@id":"https:\/\/www.flightradarx.com\/de\/flightradar24\/#breadcrumb"},"inLanguage":"de","potentialAction":[{"@type":"ReadAction","target":["https:\/\/www.flightradarx.com\/de\/flightradar24\/"]}]},{"@type":"BreadcrumbList","@id":"https:\/\/www.flightradarx.com\/de\/flightradar24\/#breadcrumb","itemListElement":[{"@type":"ListItem","position":1,"name":"Home","item":"https:\/\/www.flightradarx.com\/de\/"},{"@type":"ListItem","position":2,"name":"Flightradar24: Online Flugverfolgung &#8211; live &#038; kostenlos"}]},{"@type":"WebSite","@id":"https:\/\/www.flightradarx.com\/de\/#website","url":"https:\/\/www.flightradarx.com\/de\/","name":"Flight Radar","description":".","publisher":{"@id":"https:\/\/www.flightradarx.com\/de\/#organization"},"potentialAction":[{"@type":"SearchAction","target":{"@type":"EntryPoint","urlTemplate":"https:\/\/www.flightradarx.com\/de\/?s={search_term_string}"},"query-input":"required name=search_term_string"}],"inLanguage":"de"},{"@type":"Organization","@id":"https:\/\/www.flightradarx.com\/de\/#organization","name":"Flight Radar","url":"https:\/\/www.flightradarx.com\/de\/","logo":{"@type":"ImageObject","inLanguage":"de","@id":"https:\/\/www.flightradarx.com\/de\/#\/schema\/logo\/image\/","url":"https:\/\/www.flightradarx.com\/wp-content\/uploads\/2018\/10\/logo.png","contentUrl":"https:\/\/www.flightradarx.com\/wp-content\/uploads\/2018\/10\/logo.png","width":440,"height":110,"caption":"Flight Radar"},"image":{"@id":"https:\/\/www.flightradarx.com\/de\/#\/schema\/logo\/image\/"}}]}},"_links":{"self":[{"href":"https:\/\/www.flightradarx.com\/de\/wp-json\/wp\/v2\/pages\/216","targetHints":{"allow":["GET"]}}],"collection":[{"href":"https:\/\/www.flightradarx.com\/de\/wp-json\/wp\/v2\/pages"}],"about":[{"href":"https:\/\/www.flightradarx.com\/de\/wp-json\/wp\/v2\/types\/page"}],"author":[{"embeddable":true,"href":"https:\/\/www.flightradarx.com\/de\/wp-json\/wp\/v2\/users\/1"}],"replies":[{"embeddable":true,"href":"https:\/\/www.flightradarx.com\/de\/wp-json\/wp\/v2\/comments?post=216"}],"version-history":[{"count":11,"href":"https:\/\/www.flightradarx.com\/de\/wp-json\/wp\/v2\/pages\/216\/revisions"}],"predecessor-version":[{"id":966,"href":"https:\/\/www.flightradarx.com\/de\/wp-json\/wp\/v2\/pages\/216\/revisions\/966"}],"wp:attachment":[{"href":"https:\/\/www.flightradarx.com\/de\/wp-json\/wp\/v2\/media?parent=216"}],"curies":[{"name":"wp","href":"https:\/\/api.w.org\/{rel}","templated":true}]}}